{"id":396,"date":"2024-08-15T11:12:55","date_gmt":"2024-08-15T09:12:55","guid":{"rendered":"https:\/\/gemaeldegalerie.dessau-rosslau.de\/?page_id=396"},"modified":"2026-04-01T12:10:52","modified_gmt":"2026-04-01T10:10:52","slug":"start_steidl","status":"publish","type":"page","link":"http:\/\/gemaeldegalerie.dessau-rosslau.de\/","title":{"rendered":"Start_Steidl"},"content":{"rendered":"\t\t<div data-elementor-type=\"wp-page\" data-elementor-id=\"396\" class=\"elementor elementor-396\" data-elementor-post-type=\"page\">\n\t\t\t\t\t\t\t<div class=\"elementor-element elementor-element-b66e25b e-flex e-con-boxed e-con e-parent\" data-id=\"b66e25b\" data-element_type=\"container\" data-settings=\"{&quot;content_width&quot;:&quot;boxed&quot;}\" data-core-v316-plus=\"true\">\n\t\t\t\t\t<div class=\"e-con-inner\">\n\t\t\t\t<div class=\"elementor-element elementor-element-193cf51 elementor-pagination-position-inside elementor-arrows-position-inside elementor-widget elementor-widget-image-carousel\" data-id=\"193cf51\" data-element_type=\"widget\" data-settings=\"{&quot;slides_to_show&quot;:&quot;1&quot;,&quot;speed&quot;:1000,&quot;navigation&quot;:&quot;both&quot;,&quot;autoplay&quot;:&quot;yes&quot;,&quot;pause_on_hover&quot;:&quot;yes&quot;,&quot;pause_on_interaction&quot;:&quot;yes&quot;,&quot;autoplay_speed&quot;:5000,&quot;infinite&quot;:&quot;yes&quot;,&quot;effect&quot;:&quot;slide&quot;}\" data-widget_type=\"image-carousel.default\">\n\t\t\t\t<div class=\"elementor-widget-container\">\n\t\t\t<style>\/*! elementor - v3.17.0 - 08-11-2023 *\/\n.elementor-widget-image-carousel .swiper,.elementor-widget-image-carousel .swiper-container{position:static}.elementor-widget-image-carousel .swiper-container .swiper-slide figure,.elementor-widget-image-carousel .swiper .swiper-slide figure{line-height:inherit}.elementor-widget-image-carousel .swiper-slide{text-align:center}.elementor-image-carousel-wrapper:not(.swiper-container-initialized):not(.swiper-initialized) .swiper-slide{max-width:calc(100% \/ var(--e-image-carousel-slides-to-show, 3))}<\/style>\t\t<div class=\"elementor-image-carousel-wrapper swiper\" dir=\"ltr\">\n\t\t\t<div class=\"elementor-image-carousel swiper-wrapper\" aria-live=\"off\">\n\t\t\t\t\t\t\t\t<div class=\"swiper-slide\" role=\"group\" aria-roledescription=\"slide\" aria-label=\"1 von 9\"><figure class=\"swiper-slide-inner\"><img decoding=\"async\" class=\"swiper-slide-image\" src=\"http:\/\/gemaeldegalerie.dessau-rosslau.de\/wp-content\/uploads\/2024\/12\/728-TB-Frieder.jpg\" alt=\"J.F.A. Tischbein: Friederike von Preu\u00dfen, 1797\" \/><figcaption class=\"elementor-image-carousel-caption\">J.F.A. Tischbein: Friederike von Preu\u00dfen, 1797<\/figcaption><\/figure><\/div><div class=\"swiper-slide\" role=\"group\" aria-roledescription=\"slide\" aria-label=\"2 von 9\"><figure class=\"swiper-slide-inner\"><img decoding=\"async\" class=\"swiper-slide-image\" src=\"http:\/\/gemaeldegalerie.dessau-rosslau.de\/wp-content\/uploads\/2024\/08\/Slide_Schloss.jpg\" alt=\"Schloss Georgium, (c) SMG Dessau-Ro\u00dflau\" \/><figcaption class=\"elementor-image-carousel-caption\">Schloss Georgium, (c) SMG Dessau-Ro\u00dflau<\/figcaption><\/figure><\/div><div class=\"swiper-slide\" role=\"group\" aria-roledescription=\"slide\" aria-label=\"3 von 9\"><figure class=\"swiper-slide-inner\"><img decoding=\"async\" class=\"swiper-slide-image\" src=\"http:\/\/gemaeldegalerie.dessau-rosslau.de\/wp-content\/uploads\/2024\/12\/425-Ast-breit.jpg\" alt=\"B. van der Ast: Stillleben mit Blumen und Fr\u00fcchten\" \/><figcaption class=\"elementor-image-carousel-caption\">B. van der Ast: Stillleben mit Blumen und Fr\u00fcchten<\/figcaption><\/figure><\/div><div class=\"swiper-slide\" role=\"group\" aria-roledescription=\"slide\" aria-label=\"4 von 9\"><figure class=\"swiper-slide-inner\"><img decoding=\"async\" class=\"swiper-slide-image\" src=\"http:\/\/gemaeldegalerie.dessau-rosslau.de\/wp-content\/uploads\/2024\/12\/20-Baldung-det.jpg\" alt=\"H. Baldung: Die Heiligen Drei K\u00f6nige (Detail), 1510\" \/><figcaption class=\"elementor-image-carousel-caption\">H. Baldung: Die Heiligen Drei K\u00f6nige (Detail), 1510<\/figcaption><\/figure><\/div><div class=\"swiper-slide\" role=\"group\" aria-roledescription=\"slide\" aria-label=\"5 von 9\"><figure class=\"swiper-slide-inner\"><img decoding=\"async\" class=\"swiper-slide-image\" src=\"http:\/\/gemaeldegalerie.dessau-rosslau.de\/wp-content\/uploads\/2024\/12\/577-Corot.jpg\" alt=\"Camille Corot: Palatin, 1826\" \/><figcaption class=\"elementor-image-carousel-caption\">Camille Corot: Palatin, 1826<\/figcaption><\/figure><\/div><div class=\"swiper-slide\" role=\"group\" aria-roledescription=\"slide\" aria-label=\"6 von 9\"><figure class=\"swiper-slide-inner\"><img decoding=\"async\" class=\"swiper-slide-image\" src=\"http:\/\/gemaeldegalerie.dessau-rosslau.de\/wp-content\/uploads\/2024\/08\/SliderG3.jpg\" alt=\"L. Cranach d.\u00c4.: Verlobung der Hl. Katharina, 1516\" \/><figcaption class=\"elementor-image-carousel-caption\">L. Cranach d.\u00c4.: Verlobung der Hl. Katharina, 1516<\/figcaption><\/figure><\/div><div class=\"swiper-slide\" role=\"group\" aria-roledescription=\"slide\" aria-label=\"7 von 9\"><figure class=\"swiper-slide-inner\"><img decoding=\"async\" class=\"swiper-slide-image\" src=\"http:\/\/gemaeldegalerie.dessau-rosslau.de\/wp-content\/uploads\/2024\/12\/239-Krueger.jpg\" alt=\"F. Kr\u00fcger: Justizrat Bennewitz\" \/><figcaption class=\"elementor-image-carousel-caption\">F. Kr\u00fcger: Justizrat Bennewitz<\/figcaption><\/figure><\/div><div class=\"swiper-slide\" role=\"group\" aria-roledescription=\"slide\" aria-label=\"8 von 9\"><figure class=\"swiper-slide-inner\"><img decoding=\"async\" class=\"swiper-slide-image\" src=\"http:\/\/gemaeldegalerie.dessau-rosslau.de\/wp-content\/uploads\/2024\/12\/59-Wildens.jpg\" alt=\"J. Wildens: Landschaft mit Diana\" \/><figcaption class=\"elementor-image-carousel-caption\">J. Wildens: Landschaft mit Diana<\/figcaption><\/figure><\/div><div class=\"swiper-slide\" role=\"group\" aria-roledescription=\"slide\" aria-label=\"9 von 9\"><figure class=\"swiper-slide-inner\"><img decoding=\"async\" class=\"swiper-slide-image\" src=\"http:\/\/gemaeldegalerie.dessau-rosslau.de\/wp-content\/uploads\/2024\/12\/45-Pfingstbraut.jpg\" alt=\"P. Brueghel d.J.: Die Pfingstbraut\" \/><figcaption class=\"elementor-image-carousel-caption\">P. Brueghel d.J.: Die Pfingstbraut<\/figcaption><\/figure><\/div>\t\t\t<\/div>\n\t\t\t\t\t\t\t\t\t\t\t\t<div class=\"elementor-swiper-button elementor-swiper-button-prev\" role=\"button\" tabindex=\"0\">\n\t\t\t\t\t\t<i aria-hidden=\"true\" class=\"eicon-chevron-left\"><\/i>\t\t\t\t\t<\/div>\n\t\t\t\t\t<div class=\"elementor-swiper-button elementor-swiper-button-next\" role=\"button\" tabindex=\"0\">\n\t\t\t\t\t\t<i aria-hidden=\"true\" class=\"eicon-chevron-right\"><\/i>\t\t\t\t\t<\/div>\n\t\t\t\t\n\t\t\t\t\t\t\t\t\t<div class=\"swiper-pagination\"><\/div>\n\t\t\t\t\t\t\t\t\t<\/div>\n\t\t\t\t<\/div>\n\t\t\t\t<\/div>\n\t\t\t\t\t<\/div>\n\t\t\t\t<\/div>\n\t\t<div class=\"elementor-element elementor-element-8ca037a e-flex e-con-boxed e-con e-parent\" data-id=\"8ca037a\" data-element_type=\"container\" data-settings=\"{&quot;content_width&quot;:&quot;boxed&quot;}\" data-core-v316-plus=\"true\">\n\t\t\t\t\t<div class=\"e-con-inner\">\n\t\t\t\t<div class=\"elementor-element elementor-element-fd72f60 elementor-widget elementor-widget-heading\" data-id=\"fd72f60\" data-element_type=\"widget\" data-widget_type=\"heading.default\">\n\t\t\t\t<div class=\"elementor-widget-container\">\n\t\t\t<style>\/*! elementor - v3.17.0 - 08-11-2023 *\/\n.elementor-heading-title{padding:0;margin:0;line-height:1}.elementor-widget-heading .elementor-heading-title[class*=elementor-size-]>a{color:inherit;font-size:inherit;line-height:inherit}.elementor-widget-heading .elementor-heading-title.elementor-size-small{font-size:15px}.elementor-widget-heading .elementor-heading-title.elementor-size-medium{font-size:19px}.elementor-widget-heading .elementor-heading-title.elementor-size-large{font-size:29px}.elementor-widget-heading .elementor-heading-title.elementor-size-xl{font-size:39px}.elementor-widget-heading .elementor-heading-title.elementor-size-xxl{font-size:59px}<\/style><h2 class=\"elementor-heading-title elementor-size-default\">Willkommen in der Anhaltischen Gem\u00e4ldegalerie Dessau<\/h2>\t\t<\/div>\n\t\t\t\t<\/div>\n\t\t\t\t<div class=\"elementor-element elementor-element-0542d4e elementor-widget elementor-widget-text-editor\" data-id=\"0542d4e\" data-element_type=\"widget\" data-widget_type=\"text-editor.default\">\n\t\t\t\t<div class=\"elementor-widget-container\">\n\t\t\t<style>\/*! elementor - v3.17.0 - 08-11-2023 *\/\n.elementor-widget-text-editor.elementor-drop-cap-view-stacked .elementor-drop-cap{background-color:#69727d;color:#fff}.elementor-widget-text-editor.elementor-drop-cap-view-framed .elementor-drop-cap{color:#69727d;border:3px solid;background-color:transparent}.elementor-widget-text-editor:not(.elementor-drop-cap-view-default) .elementor-drop-cap{margin-top:8px}.elementor-widget-text-editor:not(.elementor-drop-cap-view-default) .elementor-drop-cap-letter{width:1em;height:1em}.elementor-widget-text-editor .elementor-drop-cap{float:left;text-align:center;line-height:1;font-size:50px}.elementor-widget-text-editor .elementor-drop-cap-letter{display:inline-block}<\/style>\t\t\t\t<p>Die Anhaltische Gem\u00e4ldegalerie ist eine der wichtigsten Sammlungen Alter Meister in Mitteldeutschland. Sie wurde 1927 als Landeskunstmuseum des Freistaats Anhalt er\u00f6ffnet, geht aber auf eine bereits 1793 begr\u00fcndete <span style=\"text-decoration: underline;\"><a href=\"https:\/\/gemaeldegalerie.dessau-rosslau.de\/?page_id=99\">erste \u00f6ffentliche Kuntsammlung in Anhalt<\/a><\/span> zur\u00fcck. In ihrer Dauerausstellung vermitteln Gem\u00e4lde vom Mittelalter bis zur Moderne einen reichen Einblick in die europ\u00e4ische Kunstgeschichte.\u00a0<\/p><p>Nach Abschluss unserer Pr\u00e4sentation <a href=\"https:\/\/gemaeldegalerie.dessau-rosslau.de\/?page_id=2045\"><span style=\"text-decoration: underline;\"><em>Sammlungs(ge)schichten<\/em><\/span><\/a> in der Orangerie ist ab dem 4. M\u00e4rz die Dauerausstellung im Schloss Georgium wieder regul\u00e4r ge\u00f6ffnet. Hauptwerke der Sammlung, wie der ber\u00fchmte F\u00fcrstenaltar von Lucas Cranach d. \u00c4. erwarten Sie wieder in den historischen Schlossr\u00e4umen.<\/p><p>Auch f\u00fcr den April haben wir wieder verschiedene spannende Angebote f\u00fcr Kinder und Erwachsene in unserem <span style=\"text-decoration: underline;\"><a href=\"http:\/\/gemaeldegalerie.dessau-rosslau.de\/?page_id=202\">Veranstaltungskalender<\/a><\/span>.\u00a0Wir w\u00fcnschen Ihnen einen angenehmen Aufenthalt und freuen uns, Sie in unserem Museum und im Park Georgium willkommen zu hei\u00dfen!<\/p><p>\u00a9 2025 f\u00fcr die abgebildeten Werke von Tony Cragg: VG Bild-Kunst, Bonn<\/p>\t\t\t\t\t\t<\/div>\n\t\t\t\t<\/div>\n\t\t\t\t\t<\/div>\n\t\t\t\t<\/div>\n\t\t<div class=\"elementor-element elementor-element-50ba268 e-flex e-con-boxed e-con e-parent\" data-id=\"50ba268\" data-element_type=\"container\" data-settings=\"{&quot;content_width&quot;:&quot;boxed&quot;}\" data-core-v316-plus=\"true\">\n\t\t\t\t\t<div class=\"e-con-inner\">\n\t\t\t\t\t<\/div>\n\t\t\t\t<\/div>\n\t\t\t\t\t\t\t<\/div>\n\t\t","protected":false},"excerpt":{"rendered":"<p>J.F.A. Tischbein: Friederike von Preu\u00dfen, 1797 Schloss Georgium, (c) SMG Dessau-Ro\u00dflau B. van der Ast: Stillleben mit Blumen und Fr\u00fcchten H. Baldung: Die Heiligen Drei K\u00f6nige (Detail), 1510 Camille Corot: Palatin, 1826 L. Cranach d.\u00c4.: Verlobung der Hl. Katharina, 1516 F. Kr\u00fcger: Justizrat Bennewitz J. Wildens: Landschaft mit Diana P. Brueghel d.J.: Die Pfingstbraut Willkommen [&hellip;]<\/p>\n","protected":false},"author":1,"featured_media":0,"parent":0,"menu_order":0,"comment_status":"closed","ping_status":"closed","template":"","meta":{"footnotes":""},"class_list":["post-396","page","type-page","status-publish","hentry"],"_links":{"self":[{"href":"http:\/\/gemaeldegalerie.dessau-rosslau.de\/index.php?rest_route=\/wp\/v2\/pages\/396","targetHints":{"allow":["GET"]}}],"collection":[{"href":"http:\/\/gemaeldegalerie.dessau-rosslau.de\/index.php?rest_route=\/wp\/v2\/pages"}],"about":[{"href":"http:\/\/gemaeldegalerie.dessau-rosslau.de\/index.php?rest_route=\/wp\/v2\/types\/page"}],"author":[{"embeddable":true,"href":"http:\/\/gemaeldegalerie.dessau-rosslau.de\/index.php?rest_route=\/wp\/v2\/users\/1"}],"replies":[{"embeddable":true,"href":"http:\/\/gemaeldegalerie.dessau-rosslau.de\/index.php?rest_route=%2Fwp%2Fv2%2Fcomments&post=396"}],"version-history":[{"count":274,"href":"http:\/\/gemaeldegalerie.dessau-rosslau.de\/index.php?rest_route=\/wp\/v2\/pages\/396\/revisions"}],"predecessor-version":[{"id":2364,"href":"http:\/\/gemaeldegalerie.dessau-rosslau.de\/index.php?rest_route=\/wp\/v2\/pages\/396\/revisions\/2364"}],"wp:attachment":[{"href":"http:\/\/gemaeldegalerie.dessau-rosslau.de\/index.php?rest_route=%2Fwp%2Fv2%2Fmedia&parent=396"}],"curies":[{"name":"wp","href":"https:\/\/api.w.org\/{rel}","templated":true}]}}