{"id":207,"date":"2023-12-01T13:53:28","date_gmt":"2023-12-01T12:53:28","guid":{"rendered":"https:\/\/gemaeldegalerie.dessau-rosslau.de\/?page_id=207"},"modified":"2024-12-28T15:05:07","modified_gmt":"2024-12-28T14:05:07","slug":"park-schloss-georgium","status":"publish","type":"page","link":"http:\/\/gemaeldegalerie.dessau-rosslau.de\/?page_id=207","title":{"rendered":"Park + Schloss Georgium"},"content":{"rendered":"\t\t<div data-elementor-type=\"wp-page\" data-elementor-id=\"207\" class=\"elementor elementor-207\" data-elementor-post-type=\"page\">\n\t\t\t\t\t\t\t<div class=\"elementor-element elementor-element-b66e25b e-flex e-con-boxed e-con e-parent\" data-id=\"b66e25b\" data-element_type=\"container\" data-settings=\"{&quot;background_background&quot;:&quot;classic&quot;,&quot;content_width&quot;:&quot;boxed&quot;}\" data-core-v316-plus=\"true\">\n\t\t\t\t\t<div class=\"e-con-inner\">\n\t\t\t\t<div class=\"elementor-element elementor-element-f2f2d4e elementor-pagination-position-inside elementor-arrows-position-inside elementor-widget elementor-widget-image-carousel\" data-id=\"f2f2d4e\" data-element_type=\"widget\" data-settings=\"{&quot;slides_to_show&quot;:&quot;1&quot;,&quot;speed&quot;:1000,&quot;autoplay_speed&quot;:6000,&quot;navigation&quot;:&quot;both&quot;,&quot;autoplay&quot;:&quot;yes&quot;,&quot;pause_on_hover&quot;:&quot;yes&quot;,&quot;pause_on_interaction&quot;:&quot;yes&quot;,&quot;infinite&quot;:&quot;yes&quot;,&quot;effect&quot;:&quot;slide&quot;}\" data-widget_type=\"image-carousel.default\">\n\t\t\t\t<div class=\"elementor-widget-container\">\n\t\t\t<style>\/*! elementor - v3.17.0 - 08-11-2023 *\/\n.elementor-widget-image-carousel .swiper,.elementor-widget-image-carousel .swiper-container{position:static}.elementor-widget-image-carousel .swiper-container .swiper-slide figure,.elementor-widget-image-carousel .swiper .swiper-slide figure{line-height:inherit}.elementor-widget-image-carousel .swiper-slide{text-align:center}.elementor-image-carousel-wrapper:not(.swiper-container-initialized):not(.swiper-initialized) .swiper-slide{max-width:calc(100% \/ var(--e-image-carousel-slides-to-show, 3))}<\/style>\t\t<div class=\"elementor-image-carousel-wrapper swiper\" dir=\"ltr\">\n\t\t\t<div class=\"elementor-image-carousel swiper-wrapper\" aria-live=\"off\">\n\t\t\t\t\t\t\t\t<div class=\"swiper-slide\" role=\"group\" aria-roledescription=\"slide\" aria-label=\"1 von 5\"><figure class=\"swiper-slide-inner\"><img decoding=\"async\" class=\"swiper-slide-image\" src=\"http:\/\/gemaeldegalerie.dessau-rosslau.de\/wp-content\/uploads\/2024\/12\/Saal.jpg\" alt=\"Kleiner Festsaal, um 1930\" \/><figcaption class=\"elementor-image-carousel-caption\">Kleiner Festsaal, um 1930<\/figcaption><\/figure><\/div><div class=\"swiper-slide\" role=\"group\" aria-roledescription=\"slide\" aria-label=\"2 von 5\"><figure class=\"swiper-slide-inner\"><img decoding=\"async\" class=\"swiper-slide-image\" src=\"http:\/\/gemaeldegalerie.dessau-rosslau.de\/wp-content\/uploads\/2024\/12\/Portal.jpg\" alt=\"Haupttor mit Blick zur Stadt, um 1840\" \/><figcaption class=\"elementor-image-carousel-caption\">Haupttor mit Blick zur Stadt, um 1840<\/figcaption><\/figure><\/div><div class=\"swiper-slide\" role=\"group\" aria-roledescription=\"slide\" aria-label=\"3 von 5\"><figure class=\"swiper-slide-inner\"><img decoding=\"async\" class=\"swiper-slide-image\" src=\"http:\/\/gemaeldegalerie.dessau-rosslau.de\/wp-content\/uploads\/2024\/12\/Blumenghaus-1.jpg\" alt=\"Blumengartenhaus, um 1990\" \/><figcaption class=\"elementor-image-carousel-caption\">Blumengartenhaus, um 1990<\/figcaption><\/figure><\/div><div class=\"swiper-slide\" role=\"group\" aria-roledescription=\"slide\" aria-label=\"4 von 5\"><figure class=\"swiper-slide-inner\"><img decoding=\"async\" class=\"swiper-slide-image\" src=\"http:\/\/gemaeldegalerie.dessau-rosslau.de\/wp-content\/uploads\/2024\/12\/weissbogen.jpg\" alt=\"R\u00f6mischer Bogen, um 1840\" \/><figcaption class=\"elementor-image-carousel-caption\">R\u00f6mischer Bogen, um 1840<\/figcaption><\/figure><\/div><div class=\"swiper-slide\" role=\"group\" aria-roledescription=\"slide\" aria-label=\"5 von 5\"><figure class=\"swiper-slide-inner\"><img decoding=\"async\" class=\"swiper-slide-image\" src=\"http:\/\/gemaeldegalerie.dessau-rosslau.de\/wp-content\/uploads\/2024\/12\/Gaststaette-1.jpg\" alt=\"Ehemaliges Stallgeb\u00e4ude (heute Restaurant), um 1920\" \/><figcaption class=\"elementor-image-carousel-caption\">Ehemaliges Stallgeb\u00e4ude (heute Restaurant), um 1920<\/figcaption><\/figure><\/div>\t\t\t<\/div>\n\t\t\t\t\t\t\t\t\t\t\t\t<div class=\"elementor-swiper-button elementor-swiper-button-prev\" role=\"button\" tabindex=\"0\">\n\t\t\t\t\t\t<i aria-hidden=\"true\" class=\"eicon-chevron-left\"><\/i>\t\t\t\t\t<\/div>\n\t\t\t\t\t<div class=\"elementor-swiper-button elementor-swiper-button-next\" role=\"button\" tabindex=\"0\">\n\t\t\t\t\t\t<i aria-hidden=\"true\" class=\"eicon-chevron-right\"><\/i>\t\t\t\t\t<\/div>\n\t\t\t\t\n\t\t\t\t\t\t\t\t\t<div class=\"swiper-pagination\"><\/div>\n\t\t\t\t\t\t\t\t\t<\/div>\n\t\t\t\t<\/div>\n\t\t\t\t<\/div>\n\t\t\t\t\t<\/div>\n\t\t\t\t<\/div>\n\t\t<div class=\"elementor-element elementor-element-8ca037a e-flex e-con-boxed e-con e-parent\" data-id=\"8ca037a\" data-element_type=\"container\" data-settings=\"{&quot;content_width&quot;:&quot;boxed&quot;}\" data-core-v316-plus=\"true\">\n\t\t\t\t\t<div class=\"e-con-inner\">\n\t\t\t\t<div class=\"elementor-element elementor-element-0542d4e elementor-widget elementor-widget-text-editor\" data-id=\"0542d4e\" data-element_type=\"widget\" data-widget_type=\"text-editor.default\">\n\t\t\t\t<div class=\"elementor-widget-container\">\n\t\t\t<style>\/*! elementor - v3.17.0 - 08-11-2023 *\/\n.elementor-widget-text-editor.elementor-drop-cap-view-stacked .elementor-drop-cap{background-color:#69727d;color:#fff}.elementor-widget-text-editor.elementor-drop-cap-view-framed .elementor-drop-cap{color:#69727d;border:3px solid;background-color:transparent}.elementor-widget-text-editor:not(.elementor-drop-cap-view-default) .elementor-drop-cap{margin-top:8px}.elementor-widget-text-editor:not(.elementor-drop-cap-view-default) .elementor-drop-cap-letter{width:1em;height:1em}.elementor-widget-text-editor .elementor-drop-cap{float:left;text-align:center;line-height:1;font-size:50px}.elementor-widget-text-editor .elementor-drop-cap-letter{display:inline-block}<\/style>\t\t\t\t<p>Ab 1780 entstand das Georgium auf den sandigen Acker- und Wiesenfl\u00e4chen nordwestlich der Residenzstadt Dessau. Auftraggeber war Prinz Johann Georg von Anhalt-Dessau (1748-1811), der j\u00fcngere Bruder des F\u00fcrsten Leopold III. Friedrich Franz (1740-1817). Bemerkenswert ist die Einbeziehung eines bestehenden Auenwalds, des Beckerbruchs, in den Landschaftspark nach englischem Vorbild. Das Landhaus und die Kleinarchitekturen im Park entwarf der Architekt Friedrich Wilhelm von Erdmannsdorff (1736-1800). Park und Schloss Georgium stehen als Teil des <span style=\"text-decoration: underline;\"><a href=\"https:\/\/www.gartenreich.de\/de\/schloesser-u-gaerten\/georgium\" target=\"_blank\" rel=\"noopener\">Gartenreichs Dessau-W\u00f6rlitz<\/a><\/span> seit dem Jahr 2000 auf der Welterbeliste der UNESCO.<\/p><p>Erfahren Sie mehr \u00fcber Park und Schloss Georgium sowie dessen Bewohner auf unserer <span style=\"text-decoration: underline;\"><a href=\"https:\/\/anhaltische-gemaeldegalerie-dessau.webapp.droidhosting.de\/#\/\" target=\"_blank\" rel=\"noopener\">Museumsapp.<\/a><\/span><\/p><p>Einen Parkplan zum Herunterladen finden Sie <span style=\"text-decoration: underline;\"><a href=\"https:\/\/gartentraeume-sachsen-anhalt.de\/de\/gartentraeume-parks\/georgengarten-dessau.html\" target=\"_blank\" rel=\"noopener\">hier<\/a>.<\/span><\/p>\t\t\t\t\t\t<\/div>\n\t\t\t\t<\/div>\n\t\t\t\t\t<\/div>\n\t\t\t\t<\/div>\n\t\t<div class=\"elementor-element elementor-element-d6ed0e8 e-flex e-con-boxed e-con e-parent\" data-id=\"d6ed0e8\" data-element_type=\"container\" data-settings=\"{&quot;content_width&quot;:&quot;boxed&quot;}\" data-core-v316-plus=\"true\">\n\t\t\t\t\t<div class=\"e-con-inner\">\n\t\t\t\t<div class=\"elementor-element elementor-element-0a10737 elementor-widget__width-initial elementor-widget elementor-widget-text-editor\" data-id=\"0a10737\" data-element_type=\"widget\" data-widget_type=\"text-editor.default\">\n\t\t\t\t<div class=\"elementor-widget-container\">\n\t\t\t\t\t\t\t<p><strong>Landhaus &#8211; Schloss &#8211; Museum<\/strong><\/p><p>Das Erdgescho\u00df des Landhauses im Georgium diente urspr\u00fcnglich der Repr\u00e4sentation und dem Empfang von G\u00e4sten. Der erste Stock war den Privatgem\u00e4chern Prinz Johann Georgs und seiner Frau vorbehalten. Nach dem Tod des Prinzen verblieb das Landhaus bei der herzoglichen Familie und wurde Ende des 19. Jahrhunderts vom Sommerhaus zu einem vollwertigen Wohnsitz erweitert. Dies geschah 1893 durch die Erg\u00e4nzung um zwei Seitenfl\u00fcgel und eine Verdoppelung der Wohnfl\u00e4che. Bis 1945 wurde das Schloss durch Erbprinzessin Elisabeth von Anhalt (1861-1955) bewohnt. 1958 zogen die Sammlungen der Anhaltischen Gem\u00e4ldegalerie in den klassizistischen Bau ein.<\/p>\t\t\t\t\t\t<\/div>\n\t\t\t\t<\/div>\n\t\t\t\t<div class=\"elementor-element elementor-element-9d35fc8 elementor-widget elementor-widget-image\" data-id=\"9d35fc8\" data-element_type=\"widget\" data-widget_type=\"image.default\">\n\t\t\t\t<div class=\"elementor-widget-container\">\n\t\t\t<style>\/*! elementor - v3.17.0 - 08-11-2023 *\/\n.elementor-widget-image{text-align:center}.elementor-widget-image a{display:inline-block}.elementor-widget-image a img[src$=\".svg\"]{width:48px}.elementor-widget-image img{vertical-align:middle;display:inline-block}<\/style>\t\t\t\t\t\t\t\t\t\t\t\t<img fetchpriority=\"high\" decoding=\"async\" width=\"356\" height=\"257\" src=\"http:\/\/gemaeldegalerie.dessau-rosslau.de\/wp-content\/uploads\/2023\/11\/SchlossPark1-1.webp\" class=\"attachment-full size-full wp-image-36\" alt=\"\" srcset=\"http:\/\/gemaeldegalerie.dessau-rosslau.de\/wp-content\/uploads\/2023\/11\/SchlossPark1-1.webp 356w, http:\/\/gemaeldegalerie.dessau-rosslau.de\/wp-content\/uploads\/2023\/11\/SchlossPark1-1-300x217.webp 300w\" sizes=\"(max-width: 356px) 100vw, 356px\" \/>\t\t\t\t\t\t\t\t\t\t\t\t\t\t\t<\/div>\n\t\t\t\t<\/div>\n\t\t\t\t\t<\/div>\n\t\t\t\t<\/div>\n\t\t\t\t\t\t\t<\/div>\n\t\t","protected":false},"excerpt":{"rendered":"<p>Kleiner Festsaal, um 1930 Haupttor mit Blick zur Stadt, um 1840 Blumengartenhaus, um 1990 R\u00f6mischer Bogen, um 1840 Ehemaliges Stallgeb\u00e4ude (heute Restaurant), um 1920 Ab 1780 entstand das Georgium auf den sandigen Acker- und Wiesenfl\u00e4chen nordwestlich der Residenzstadt Dessau. Auftraggeber war Prinz Johann Georg von Anhalt-Dessau (1748-1811), der j\u00fcngere Bruder des F\u00fcrsten Leopold III. Friedrich [&hellip;]<\/p>\n","protected":false},"author":1,"featured_media":0,"parent":0,"menu_order":0,"comment_status":"closed","ping_status":"closed","template":"","meta":{"footnotes":""},"class_list":["post-207","page","type-page","status-publish","hentry"],"_links":{"self":[{"href":"http:\/\/gemaeldegalerie.dessau-rosslau.de\/index.php?rest_route=\/wp\/v2\/pages\/207","targetHints":{"allow":["GET"]}}],"collection":[{"href":"http:\/\/gemaeldegalerie.dessau-rosslau.de\/index.php?rest_route=\/wp\/v2\/pages"}],"about":[{"href":"http:\/\/gemaeldegalerie.dessau-rosslau.de\/index.php?rest_route=\/wp\/v2\/types\/page"}],"author":[{"embeddable":true,"href":"http:\/\/gemaeldegalerie.dessau-rosslau.de\/index.php?rest_route=\/wp\/v2\/users\/1"}],"replies":[{"embeddable":true,"href":"http:\/\/gemaeldegalerie.dessau-rosslau.de\/index.php?rest_route=%2Fwp%2Fv2%2Fcomments&post=207"}],"version-history":[{"count":67,"href":"http:\/\/gemaeldegalerie.dessau-rosslau.de\/index.php?rest_route=\/wp\/v2\/pages\/207\/revisions"}],"predecessor-version":[{"id":1344,"href":"http:\/\/gemaeldegalerie.dessau-rosslau.de\/index.php?rest_route=\/wp\/v2\/pages\/207\/revisions\/1344"}],"wp:attachment":[{"href":"http:\/\/gemaeldegalerie.dessau-rosslau.de\/index.php?rest_route=%2Fwp%2Fv2%2Fmedia&parent=207"}],"curies":[{"name":"wp","href":"https:\/\/api.w.org\/{rel}","templated":true}]}}