{"id":192,"date":"2023-12-01T13:42:02","date_gmt":"2023-12-01T12:42:02","guid":{"rendered":"https:\/\/gemaeldegalerie.dessau-rosslau.de\/?page_id=192"},"modified":"2025-06-07T14:35:54","modified_gmt":"2025-06-07T12:35:54","slug":"foerderverein","status":"publish","type":"page","link":"http:\/\/gemaeldegalerie.dessau-rosslau.de\/?page_id=192","title":{"rendered":"F\u00f6rderverein"},"content":{"rendered":"\t\t<div data-elementor-type=\"wp-page\" data-elementor-id=\"192\" class=\"elementor elementor-192\" data-elementor-post-type=\"page\">\n\t\t\t\t\t\t\t<div class=\"elementor-element elementor-element-8ca037a e-flex e-con-boxed e-con e-parent\" data-id=\"8ca037a\" data-element_type=\"container\" data-settings=\"{&quot;content_width&quot;:&quot;boxed&quot;}\" data-core-v316-plus=\"true\">\n\t\t\t\t\t<div class=\"e-con-inner\">\n\t\t\t\t<div class=\"elementor-element elementor-element-0542d4e elementor-widget elementor-widget-text-editor\" data-id=\"0542d4e\" data-element_type=\"widget\" data-widget_type=\"text-editor.default\">\n\t\t\t\t<div class=\"elementor-widget-container\">\n\t\t\t<style>\/*! elementor - v3.17.0 - 08-11-2023 *\/\n.elementor-widget-text-editor.elementor-drop-cap-view-stacked .elementor-drop-cap{background-color:#69727d;color:#fff}.elementor-widget-text-editor.elementor-drop-cap-view-framed .elementor-drop-cap{color:#69727d;border:3px solid;background-color:transparent}.elementor-widget-text-editor:not(.elementor-drop-cap-view-default) .elementor-drop-cap{margin-top:8px}.elementor-widget-text-editor:not(.elementor-drop-cap-view-default) .elementor-drop-cap-letter{width:1em;height:1em}.elementor-widget-text-editor .elementor-drop-cap{float:left;text-align:center;line-height:1;font-size:50px}.elementor-widget-text-editor .elementor-drop-cap-letter{display:inline-block}<\/style>\t\t\t\t<p>Seit seiner Gr\u00fcndung im November 1999 hat es sich der F\u00f6rderverein &#8222;Anhaltische Gem\u00e4ldegalerie und Georgengarten&#8220; Dessau e.V. zur Aufgabe gemacht, den Georgengarten sowie die Anhaltische Gem\u00e4ldegalerie zu unterst\u00fctzen. Dabei stehen die Erhaltung und Pflege der Parkanlage und die Verwirklichung der Museumsidee im Vordergrund.<\/p><p>Sie m\u00f6chten den Verein und die Arbeit der Anhaltischen Gem\u00e4ldegalerie unterst\u00fctzen?<\/p><p>Wir freuen uns \u00fcber Ihre Spende!<\/p><p>F\u00d6RDERVEREIN &#8222;ANHALTISCHE GEM\u00c4LDEGALERIE UND GEORGENGARTEN&#8220; DESSAU e.V.<\/p><p>IBAN: DE16 8005 3572 0115 0401 02<\/p><p>BIC: NOLADE21DES<\/p><p>Verwendungszweck: Gem\u00e4ldegalerie<\/p><p>F\u00fcr weitere Informationen zur Mitgliedschaft im Verein und zu aktuellen Spendenprojekten besuchen Sie die <span style=\"text-decoration: underline;\"><a href=\"https:\/\/www.georgium.de\/\" target=\"_blank\" rel=\"noopener\">Seite unseres F\u00f6rdervereins &#8222;Anhaltische Gem\u00e4ldegalerie und Georgengarten&#8220; Dessau e.V.<\/a><\/span><\/p>\t\t\t\t\t\t<\/div>\n\t\t\t\t<\/div>\n\t\t\t\t\t<\/div>\n\t\t\t\t<\/div>\n\t\t\t\t\t\t\t<\/div>\n\t\t","protected":false},"excerpt":{"rendered":"<p>Seit seiner Gr\u00fcndung im November 1999 hat es sich der F\u00f6rderverein &#8222;Anhaltische Gem\u00e4ldegalerie und Georgengarten&#8220; Dessau e.V. zur Aufgabe gemacht, den Georgengarten sowie die Anhaltische Gem\u00e4ldegalerie zu unterst\u00fctzen. Dabei stehen die Erhaltung und Pflege der Parkanlage und die Verwirklichung der Museumsidee im Vordergrund. Sie m\u00f6chten den Verein und die Arbeit der Anhaltischen Gem\u00e4ldegalerie unterst\u00fctzen? Wir [&hellip;]<\/p>\n","protected":false},"author":1,"featured_media":0,"parent":0,"menu_order":0,"comment_status":"closed","ping_status":"closed","template":"","meta":{"footnotes":""},"class_list":["post-192","page","type-page","status-publish","hentry"],"_links":{"self":[{"href":"http:\/\/gemaeldegalerie.dessau-rosslau.de\/index.php?rest_route=\/wp\/v2\/pages\/192","targetHints":{"allow":["GET"]}}],"collection":[{"href":"http:\/\/gemaeldegalerie.dessau-rosslau.de\/index.php?rest_route=\/wp\/v2\/pages"}],"about":[{"href":"http:\/\/gemaeldegalerie.dessau-rosslau.de\/index.php?rest_route=\/wp\/v2\/types\/page"}],"author":[{"embeddable":true,"href":"http:\/\/gemaeldegalerie.dessau-rosslau.de\/index.php?rest_route=\/wp\/v2\/users\/1"}],"replies":[{"embeddable":true,"href":"http:\/\/gemaeldegalerie.dessau-rosslau.de\/index.php?rest_route=%2Fwp%2Fv2%2Fcomments&post=192"}],"version-history":[{"count":28,"href":"http:\/\/gemaeldegalerie.dessau-rosslau.de\/index.php?rest_route=\/wp\/v2\/pages\/192\/revisions"}],"predecessor-version":[{"id":1700,"href":"http:\/\/gemaeldegalerie.dessau-rosslau.de\/index.php?rest_route=\/wp\/v2\/pages\/192\/revisions\/1700"}],"wp:attachment":[{"href":"http:\/\/gemaeldegalerie.dessau-rosslau.de\/index.php?rest_route=%2Fwp%2Fv2%2Fmedia&parent=192"}],"curies":[{"name":"wp","href":"https:\/\/api.w.org\/{rel}","templated":true}]}}