{"id":1082,"date":"2024-10-22T10:33:33","date_gmt":"2024-10-22T08:33:33","guid":{"rendered":"https:\/\/gemaeldegalerie.dessau-rosslau.de\/?page_id=1082"},"modified":"2025-04-12T13:01:30","modified_gmt":"2025-04-12T11:01:30","slug":"provenienzforschung","status":"publish","type":"page","link":"http:\/\/gemaeldegalerie.dessau-rosslau.de\/?page_id=1082","title":{"rendered":"Provenienzforschung"},"content":{"rendered":"\t\t<div data-elementor-type=\"wp-page\" data-elementor-id=\"1082\" class=\"elementor elementor-1082\" data-elementor-post-type=\"page\">\n\t\t\t\t\t\t\t<div class=\"elementor-element elementor-element-b66e25b e-flex e-con-boxed e-con e-parent\" data-id=\"b66e25b\" data-element_type=\"container\" data-settings=\"{&quot;background_background&quot;:&quot;classic&quot;,&quot;content_width&quot;:&quot;boxed&quot;}\" data-core-v316-plus=\"true\">\n\t\t\t\t\t<div class=\"e-con-inner\">\n\t\t\t\t<div class=\"elementor-element elementor-element-f2f2d4e elementor-pagination-position-inside elementor-arrows-position-inside elementor-widget elementor-widget-image-carousel\" data-id=\"f2f2d4e\" data-element_type=\"widget\" data-settings=\"{&quot;slides_to_show&quot;:&quot;1&quot;,&quot;speed&quot;:1000,&quot;navigation&quot;:&quot;both&quot;,&quot;autoplay&quot;:&quot;yes&quot;,&quot;pause_on_hover&quot;:&quot;yes&quot;,&quot;pause_on_interaction&quot;:&quot;yes&quot;,&quot;autoplay_speed&quot;:5000,&quot;infinite&quot;:&quot;yes&quot;,&quot;effect&quot;:&quot;slide&quot;}\" data-widget_type=\"image-carousel.default\">\n\t\t\t\t<div class=\"elementor-widget-container\">\n\t\t\t<style>\/*! elementor - v3.17.0 - 08-11-2023 *\/\n.elementor-widget-image-carousel .swiper,.elementor-widget-image-carousel .swiper-container{position:static}.elementor-widget-image-carousel .swiper-container .swiper-slide figure,.elementor-widget-image-carousel .swiper .swiper-slide figure{line-height:inherit}.elementor-widget-image-carousel .swiper-slide{text-align:center}.elementor-image-carousel-wrapper:not(.swiper-container-initialized):not(.swiper-initialized) .swiper-slide{max-width:calc(100% \/ var(--e-image-carousel-slides-to-show, 3))}<\/style>\t\t<div class=\"elementor-image-carousel-wrapper swiper\" dir=\"ltr\">\n\t\t\t<div class=\"elementor-image-carousel swiper-wrapper\" aria-live=\"off\">\n\t\t\t\t\t\t\t\t<div class=\"swiper-slide\" role=\"group\" aria-roledescription=\"slide\" aria-label=\"1 von 2\"><figure class=\"swiper-slide-inner\"><img decoding=\"async\" class=\"swiper-slide-image\" src=\"http:\/\/gemaeldegalerie.dessau-rosslau.de\/wp-content\/uploads\/2024\/10\/slider_prov_1.jpg\" alt=\"P. van Bloemen: Viehmarkt vor dem sog. Vestatempel in Rom, 1694, Gem\u00e4lder\u00fcckseite\" \/><figcaption class=\"elementor-image-carousel-caption\">Pieter van Bloemen: Viehmarkt vor dem sogenannten Vestatempel in Rom, 1694, Gem\u00e4lder\u00fcckseite<\/figcaption><\/figure><\/div><div class=\"swiper-slide\" role=\"group\" aria-roledescription=\"slide\" aria-label=\"2 von 2\"><figure class=\"swiper-slide-inner\"><img decoding=\"async\" class=\"swiper-slide-image\" src=\"http:\/\/gemaeldegalerie.dessau-rosslau.de\/wp-content\/uploads\/2024\/10\/slider_prov.jpg\" alt=\"A.W.F. Schirmer: S\u00fcditalienische K\u00fcstenlandschaft, 1835,  Gem\u00e4lder\u00fcckseite\" \/><figcaption class=\"elementor-image-carousel-caption\">August Wilhelm Ferdinand Schirmer: S\u00fcditalienische K\u00fcstenlandschaft, 1835,  Gem\u00e4lder\u00fcckseite<\/figcaption><\/figure><\/div>\t\t\t<\/div>\n\t\t\t\t\t\t\t\t\t\t\t\t<div class=\"elementor-swiper-button elementor-swiper-button-prev\" role=\"button\" tabindex=\"0\">\n\t\t\t\t\t\t<i aria-hidden=\"true\" class=\"eicon-chevron-left\"><\/i>\t\t\t\t\t<\/div>\n\t\t\t\t\t<div class=\"elementor-swiper-button elementor-swiper-button-next\" role=\"button\" tabindex=\"0\">\n\t\t\t\t\t\t<i aria-hidden=\"true\" class=\"eicon-chevron-right\"><\/i>\t\t\t\t\t<\/div>\n\t\t\t\t\n\t\t\t\t\t\t\t\t\t<div class=\"swiper-pagination\"><\/div>\n\t\t\t\t\t\t\t\t\t<\/div>\n\t\t\t\t<\/div>\n\t\t\t\t<\/div>\n\t\t\t\t\t<\/div>\n\t\t\t\t<\/div>\n\t\t<div class=\"elementor-element elementor-element-8ca037a e-flex e-con-boxed e-con e-parent\" data-id=\"8ca037a\" data-element_type=\"container\" data-settings=\"{&quot;content_width&quot;:&quot;boxed&quot;}\" data-core-v316-plus=\"true\">\n\t\t\t\t\t<div class=\"e-con-inner\">\n\t\t\t\t<div class=\"elementor-element elementor-element-0542d4e elementor-widget elementor-widget-text-editor\" data-id=\"0542d4e\" data-element_type=\"widget\" data-widget_type=\"text-editor.default\">\n\t\t\t\t<div class=\"elementor-widget-container\">\n\t\t\t<style>\/*! elementor - v3.17.0 - 08-11-2023 *\/\n.elementor-widget-text-editor.elementor-drop-cap-view-stacked .elementor-drop-cap{background-color:#69727d;color:#fff}.elementor-widget-text-editor.elementor-drop-cap-view-framed .elementor-drop-cap{color:#69727d;border:3px solid;background-color:transparent}.elementor-widget-text-editor:not(.elementor-drop-cap-view-default) .elementor-drop-cap{margin-top:8px}.elementor-widget-text-editor:not(.elementor-drop-cap-view-default) .elementor-drop-cap-letter{width:1em;height:1em}.elementor-widget-text-editor .elementor-drop-cap{float:left;text-align:center;line-height:1;font-size:50px}.elementor-widget-text-editor .elementor-drop-cap-letter{display:inline-block}<\/style>\t\t\t\t<p><strong>Aktuell<\/strong><\/p><p>Anl\u00e4sslich des 7. Internationalen Tags der Provenienzforschung am 9. April 2025 ver\u00f6ffentlichte die Anhaltische Gem\u00e4ldegalerie eine neu eingerichtete Themenf\u00fchrung in ihrem Mediaguide. Erfahren Sie mehr \u00fcber die verschiedenen Hintergr\u00fcnde und Herkunftsgeschichten der Gem\u00e4lde. Der Multimediaguide steht Ihnen kostenlos beim Besuch der Dauerausstellung zur Verf\u00fcgung oder Sie folgen direkt diesem <span style=\"text-decoration: underline;\"><a href=\"https:\/\/anhaltische-gemaeldegalerie-dessau.webapp.droidhosting.de\/\" target=\"_blank\" rel=\"noopener\">Link<\/a><\/span>.<br \/>Der Aktionstag ist eine Initiative des <a href=\"https:\/\/www.arbeitskreis-provenienzforschung.org\/\" target=\"_blank\" rel=\"noopener\"><span style=\"text-decoration: underline;\">Arbeitskreises Provenienzforschung e. V.<\/span><\/a> und soll einer breiten \u00d6ffentlichkeit die gesellschaftliche und wissenschaftliche Relevanz dieser Arbeit sichtbar machen.<\/p><p><strong>Provenienz<\/strong><\/p><p>Die Herkunftsgeschichte eines jeden Kunstwerks ist einzigartig und diese aufzusp\u00fcren, ist die Aufgabe der Provenienzforschung an Museen. Sie untersucht, unter welchen Umst\u00e4nden Objekte in die Sammlungen kamen und bringen damit vergessene Geschichten hinter den Werken und ihren fr\u00fcheren Eigent\u00fcmern wieder zum Vorschein.<\/p><p>Die Provenienz eines Werks beginnt bei seiner Entstehung im Atelier und reicht bis zum heutigen Standort in einer Sammlung. Je \u00e4lter ein Kunstwerk ist, desto herausfordernder ist es f\u00fcr die Forschung, f\u00fcr jedes fr\u00fchere Besitzverh\u00e4ltnis Nachweise zu ermitteln. Anhaltspunkte f\u00fcr die Rekonstruktion der Provenienzgeschichte k\u00f6nnen sich an den Werken selbst in Form von Sammlerstempeln, Beschriftungen oder Ausstellungsetiketten befinden. Schriftliche Dokumente im eigenen Museumsbestand sowie externe Archivalien werden nach entsprechenden Hinweisen ihrer Herkunft ausgewertet. Dazu geh\u00f6ren zum Beispiel Unterlagen des Kunsthandels und Ausstellungs- oder Auktionskataloge, die zur Untersuchung herangezogen werden. Der Kern des Aufgabengebiets liegt darin, Sammlungsobjekte zu identifizieren, die aus Unrechtskontexten stammen oder deren Erwerbsumst\u00e4nde ungekl\u00e4rt sind. Zu solchen geh\u00f6ren insbesondere NS-Raubgut, Kulturgut-entziehungen in der Sowjetischen Besatzungszone (SBZ) und DDR, Kultur- und Sammlungsgut aus kolonialen Kontexten und Kriegsverluste. Die Relevanz der Provenienzforschung f\u00fchrt \u00fcber das Aufkl\u00e4ren von Unrecht und die Vorbereitung von Restitutionen hinaus. Sie bewirkt, die eigene Sammlungspolitik und Institutionsgeschichte besser verstehen zu k\u00f6nnen. Dar\u00fcber hinaus sp\u00fcrt sie anhand der Lebensgeschichten von Objekten und involvierten Akteuren Verflechtungen von sozialen, wirtschaftlichen und kulturellen Dimensionen auf.<\/p><p><strong>Provenienzforschung an der Anhaltischen Gem\u00e4ldegalerie Dessau<\/strong><\/p><p>Der Fokus liegt mit dem aktuellen Forschungsprojekt \u201eZug\u00e4nge in die Gem\u00e4ldesammlung zwischen 1933 und 1945\u201c, das vom Deutschen Zentrum Kulturgutverluste gef\u00f6rdert wird, auf der Zeit des Nationalsozialismus. Der Bedarf an weiterf\u00fchrender Provenienzpr\u00fcfung nach NS-Raubgut konnte 2020 w\u00e4hrend eines sogenannten Erstchecks bereits ermittelt werden. Mit der Untersuchung des Museumsbestands stellt sich die Stadt Dessau-Ro\u00dflau als Tr\u00e4ger des Museums der moralischen und ethischen Aufgabe, systematisch nach Kunstwerken zu suchen, die verfolgten Personen durch das NS-Regime entzogen wurden, und faire und gerechte L\u00f6sungen mit den rechtm\u00e4\u00dfigen Erbnachfolgern zu finden. Damit folgt die Stadt den Grunds\u00e4tzen der <a href=\"https:\/\/kulturgutverluste.de\/kontexte\/ns-raubgut#hilfestellung\" target=\"_blank\" rel=\"noopener\"><span style=\"text-decoration: underline;\">\u201eWashingtoner Prinzipien\u201c von 1998<\/span><\/a> und der \u201eGemeinsamen Erkl\u00e4rung\u201c der Bundesregierung, der L\u00e4nder und der kommunalen Spitzenverb\u00e4nde von 1999. <br \/>Mit Abschluss des laufenden Projekts soll ungekl\u00e4rter Fremdbesitz in der Datenbank <span style=\"text-decoration: underline;\"><a href=\"https:\/\/www.lostart.de\/de\/verlust\/institution\/anhaltische-gemaeldegalerie-dessau\/540073\" target=\"_blank\" rel=\"noopener\">Lost Art<\/a><\/span> ver\u00f6ffentlicht werden. Die Kriegsverluste der AGD sind bereits als Suchmeldungen recherchierbar.<\/p><p><a href=\"https:\/\/kulturgutverluste.de\/projekte\/provenienzforschung-der-anhaltischen-gemaeldegalerie-dessau-zugaenge-der-gemaeldesammlung\" target=\"_blank\" rel=\"noopener\"><img decoding=\"async\" class=\"alignnone wp-image-1092 size-medium\" src=\"http:\/\/gemaeldegalerie.dessau-rosslau.de\/wp-content\/uploads\/2024\/10\/DZK_Logo_farbe_RGB-300x98.png\" alt=\"\" width=\"300\" height=\"98\" srcset=\"http:\/\/gemaeldegalerie.dessau-rosslau.de\/wp-content\/uploads\/2024\/10\/DZK_Logo_farbe_RGB-300x98.png 300w, http:\/\/gemaeldegalerie.dessau-rosslau.de\/wp-content\/uploads\/2024\/10\/DZK_Logo_farbe_RGB-768x251.png 768w, http:\/\/gemaeldegalerie.dessau-rosslau.de\/wp-content\/uploads\/2024\/10\/DZK_Logo_farbe_RGB.png 845w\" sizes=\"(max-width: 300px) 100vw, 300px\" \/><\/a><\/p>\t\t\t\t\t\t<\/div>\n\t\t\t\t<\/div>\n\t\t\t\t\t<\/div>\n\t\t\t\t<\/div>\n\t\t<div class=\"elementor-element elementor-element-d6ed0e8 e-flex e-con-boxed e-con e-parent\" data-id=\"d6ed0e8\" data-element_type=\"container\" data-settings=\"{&quot;content_width&quot;:&quot;boxed&quot;}\" data-core-v316-plus=\"true\">\n\t\t\t\t\t<div class=\"e-con-inner\">\n\t\t\t\t\t<\/div>\n\t\t\t\t<\/div>\n\t\t\t\t\t\t\t<\/div>\n\t\t","protected":false},"excerpt":{"rendered":"<p>Pieter van Bloemen: Viehmarkt vor dem sogenannten Vestatempel in Rom, 1694, Gem\u00e4lder\u00fcckseite August Wilhelm Ferdinand Schirmer: S\u00fcditalienische K\u00fcstenlandschaft, 1835, Gem\u00e4lder\u00fcckseite Aktuell Anl\u00e4sslich des 7. Internationalen Tags der Provenienzforschung am 9. April 2025 ver\u00f6ffentlichte die Anhaltische Gem\u00e4ldegalerie eine neu eingerichtete Themenf\u00fchrung in ihrem Mediaguide. Erfahren Sie mehr \u00fcber die verschiedenen Hintergr\u00fcnde und Herkunftsgeschichten der Gem\u00e4lde. Der [&hellip;]<\/p>\n","protected":false},"author":1,"featured_media":0,"parent":0,"menu_order":0,"comment_status":"closed","ping_status":"closed","template":"","meta":{"footnotes":""},"class_list":["post-1082","page","type-page","status-publish","hentry"],"_links":{"self":[{"href":"http:\/\/gemaeldegalerie.dessau-rosslau.de\/index.php?rest_route=\/wp\/v2\/pages\/1082","targetHints":{"allow":["GET"]}}],"collection":[{"href":"http:\/\/gemaeldegalerie.dessau-rosslau.de\/index.php?rest_route=\/wp\/v2\/pages"}],"about":[{"href":"http:\/\/gemaeldegalerie.dessau-rosslau.de\/index.php?rest_route=\/wp\/v2\/types\/page"}],"author":[{"embeddable":true,"href":"http:\/\/gemaeldegalerie.dessau-rosslau.de\/index.php?rest_route=\/wp\/v2\/users\/1"}],"replies":[{"embeddable":true,"href":"http:\/\/gemaeldegalerie.dessau-rosslau.de\/index.php?rest_route=%2Fwp%2Fv2%2Fcomments&post=1082"}],"version-history":[{"count":40,"href":"http:\/\/gemaeldegalerie.dessau-rosslau.de\/index.php?rest_route=\/wp\/v2\/pages\/1082\/revisions"}],"predecessor-version":[{"id":1564,"href":"http:\/\/gemaeldegalerie.dessau-rosslau.de\/index.php?rest_route=\/wp\/v2\/pages\/1082\/revisions\/1564"}],"wp:attachment":[{"href":"http:\/\/gemaeldegalerie.dessau-rosslau.de\/index.php?rest_route=%2Fwp%2Fv2%2Fmedia&parent=1082"}],"curies":[{"name":"wp","href":"https:\/\/api.w.org\/{rel}","templated":true}]}}